{"id":2584,"date":"2023-08-03T10:32:21","date_gmt":"2023-08-03T10:32:21","guid":{"rendered":"http:\/\/clapat-themes.com\/wordpress\/serano\/?page_id=2584"},"modified":"2025-02-09T16:30:55","modified_gmt":"2025-02-09T15:30:55","slug":"about-gap","status":"publish","type":"page","link":"https:\/\/goldenage-properties.com\/index.php\/about-gap\/","title":{"rendered":"\u00c0 propos"},"content":{"rendered":"\n<div class=\"wp-block-serano-gutenberg-container content-row light-section normal row_padding_top row_padding_bottom change-header-color\" data-bgcolor=\"#ffffff\" style=\"text-align:center\">\n<h5 class=\"wp-block-heading has-mask-fill\">L\u2019investissement immobilier repens\u00e9 pour les francophones aux USA<\/h5>\n\n\n\n<div style=\"height:40px\" aria-hidden=\"true\" class=\"wp-block-spacer\"><\/div>\n\n\n\n<div class=\"marquee-text-wrapper \"><h1 class=\"marquee-text big-title fw\">Diversifiez votre patrimoine avec l\u2019immobilier am\u00e9ricain.<\/h1><\/div>\n\n\n\n<div class=\"marquee-text-wrapper \"><h1 class=\"marquee-text big-title bw\">Des opportunit\u00e9s exclusives, des rendements \u00e9lev\u00e9s, un accompagnement sur mesure. Profitez de l\u2019\u00e2ge d\u2019or de l\u2019immobilier aux USA ! <\/h1><\/div>\n\n\n\n<div style=\"height:40px\" aria-hidden=\"true\" class=\"wp-block-spacer\"><\/div>\n<\/div>\n\n\n\n<div class=\"wp-block-serano-gutenberg-container content-row dark-section full row_padding_left row_padding_right\" data-bgcolor=\"#0c0c0c\" style=\"text-align:center\">\n<div class=\"wp-block-serano-gutenberg-slowed-text-pin-gallery slowed-pin\"><div class=\"slowed-text\"><h5>Multifamily, Single Family&#8230;<\/h5><h1 class=\"big-title\">Nos projets immobiliers allient forte rentabilit\u00e9 et s\u00e9curit\u00e9 pour les investisseurs francophones. <\/h1><hr\/><h5>Nous privil\u00e9gions \u00e9galement des actifs dont les loyers sont garantis par l\u2019\u00c9tat f\u00e9d\u00e9ral am\u00e9ricain, assurant ainsi une stabilit\u00e9 financi\u00e8re \u00e0 long terme et une r\u00e9duction des risques d\u2019impay\u00e9s. Tous les projets sont r\u00e9alis\u00e9s par des entreprises locales exp\u00e9riment\u00e9es, garantissant une expertise terrain, une conformit\u00e9 aux r\u00e9glementations et une gestion optimis\u00e9e des biens.<\/h5><\/div><div class=\"slowed-images\">\n<div class=\"slowed-image\"><img decoding=\"async\" src=\"https:\/\/goldenage-properties.com\/wp-content\/uploads\/2023\/08\/DALL\u00b7E-2025-01-28-23.50.14-A-modern-residential-building-with-sleek-architecture-located-by-the-ocean-in-Miami-Florida.-The-building-has-large-glass-windows-reflecting-the-sunl.webp\" alt=\"\" \/><\/div>\n\n\n\n<div class=\"slowed-image\"><img decoding=\"async\" src=\"https:\/\/goldenage-properties.com\/wp-content\/uploads\/2023\/08\/DALL\u00b7E-2025-01-29-00.06.23-A-modern-lakeside-apartment-complex-in-Austin-Texas-featuring-sleek-architecture-with-large-glass-windows-and-balconies.-The-building-is-surrounded-.webp\" alt=\"\" \/><\/div>\n\n\n\n<div class=\"slowed-image\"><img decoding=\"async\" src=\"https:\/\/goldenage-properties.com\/wp-content\/uploads\/2023\/08\/DALL\u00b7E-2025-01-29-01.02.01-A-charming-residential-villa-complex-in-Orlando-Florida-featuring-bright-pastel-colored-houses-with-tropical-landscaping.-The-scene-includes-palm-tr.webp\" alt=\"\" \/><\/div>\n\n\n\n<div class=\"slowed-image\"><img decoding=\"async\" src=\"https:\/\/goldenage-properties.com\/wp-content\/uploads\/2023\/08\/DALL\u00b7E-2025-01-29-00.12.27-A-luxurious-hillside-residential-complex-in-Los-Angeles-California-with-modern-architecture-featuring-large-glass-walls-and-open-terraces.-The-homes.webp\" alt=\"\" \/><\/div>\n\n\n\n<div class=\"slowed-image\"><img decoding=\"async\" src=\"https:\/\/goldenage-properties.com\/wp-content\/uploads\/2023\/08\/DALL\u00b7E-2025-01-29-01.08.26-A-stylish-and-vibrant-residential-community-in-Nashville-Tennessee-with-a-mix-of-modern-and-traditional-architecture.-The-setting-includes-tree-line.webp\" alt=\"\" \/><\/div>\n<\/div><\/div>\n<\/div>\n\n\n\n<div class=\"wp-block-serano-gutenberg-container content-row light-section normal row_padding_top change-header-color\" data-bgcolor=\"#ffffff\" style=\"text-align:left\">\n<div class=\"wp-block-columns is-layout-flex wp-container-core-columns-is-layout-9d6595d7 wp-block-columns-is-layout-flex\">\n<div class=\"wp-block-column is-layout-flow wp-block-column-is-layout-flow\">\n<h5 class=\"wp-block-heading has-mask-fill\">Notre Mission <\/h5>\n\n\n\n<p class=\"has-opacity\"><strong>Offrir aux investisseurs francophones un acc\u00e8s privil\u00e9gi\u00e9 \u00e0 des projets immobiliers \u00e0 forte rentabilit\u00e9 aux \u00c9tats-Unis.<\/strong>&nbsp;Nous leur permettons d\u2019investir&nbsp;<strong>en toute s\u00e9curit\u00e9<\/strong>, avec une approche&nbsp;<strong>cl\u00e9 en main, transparente et parfaitement adapt\u00e9e \u00e0 leurs objectifs patrimoniaux.<\/strong><\/p>\n<\/div>\n\n\n\n<div class=\"wp-block-column is-layout-flow wp-block-column-is-layout-flow\"><\/div>\n<\/div>\n\n\n\n<div style=\"height:40px\" aria-hidden=\"true\" class=\"wp-block-spacer\"><\/div>\n<\/div>\n\n\n\n<div class=\"wp-block-serano-gutenberg-container content-row light-section normal row_padding_bottom change-header-color\" data-bgcolor=\"#ffffff\" style=\"text-align:left\">\n<ul class=\"wp-block-serano-gutenberg-team-members team-members-list\" data-fx=\"1\">\n<li class=\"hide-ball has-hover-image\" data-img=\"http:\/\/goldenage-properties.com\/wp-content\/uploads\/2023\/08\/DALL\u00b7E-2025-01-29-00.13.36-A-luxurious-residential-apartment-complex-near-the-Rocky-Mountains-in-Denver-Colorado.-The-buildings-are-modern-with-large-glass-windows-and-stone-ac.webp\"><div class=\"team-member has-animation\"><div>MultiFamily \u00e0 Baltimore<\/div><span>Club Deal Finalis\u00e9<\/span><\/div><\/li>\n\n\n\n<li class=\"hide-ball has-hover-image\" data-img=\"http:\/\/goldenage-properties.com\/wp-content\/uploads\/2023\/08\/DALL\u00b7E-2025-01-29-01.02.01-A-charming-residential-villa-complex-in-Orlando-Florida-featuring-bright-pastel-colored-houses-with-tropical-landscaping.-The-scene-includes-palm-tr.webp\"><div class=\"team-member has-animation\"><div>Complexe de Villas \u00e0 Miami<\/div><span>Club Deal Finalis\u00e9 <\/span><\/div><\/li>\n\n\n\n<li class=\"hide-ball has-hover-image\" data-img=\"http:\/\/goldenage-properties.com\/wp-content\/uploads\/2023\/08\/DALL\u00b7E-2025-01-29-01.08.26-A-stylish-and-vibrant-residential-community-in-Nashville-Tennessee-with-a-mix-of-modern-and-traditional-architecture.-The-setting-includes-tree-line.webp\"><div class=\"team-member has-animation\"><div>Single Family avec Loyer Garantis<\/div><span>En cours (70%) <\/span><\/div><\/li>\n\n\n\n<li class=\"hide-ball has-hover-image\" data-img=\"http:\/\/goldenage-properties.com\/wp-content\/uploads\/2023\/08\/DALL\u00b7E-2025-01-29-00.13.16-An-elegant-lakefront-residential-complex-in-Chicago-Illinois-featuring-modern-glass-buildings-overlooking-Lake-Michigan.-The-design-includes-rooftop.webp\"><div class=\"team-member has-animation\"><div>R\u00e9sidence \u00e9tudiante<\/div><span>A venir<\/span><\/div><\/li>\n<\/ul>\n<\/div>\n\n\n\n<div class=\"wp-block-serano-gutenberg-container content-row dark-section normal row_padding_top\" data-bgcolor=\"#171717\" style=\"text-align:center\">\n<h2 class=\"wp-block-heading has-mask-fill\">Nos partenaires <\/h2>\n\n\n\n<p class=\"has-opacity\">L\u2019\u00e9quipe de Golden Age Properties est compos\u00e9e de sp\u00e9cialistes de l\u2019investissement immobilier ayant une&nbsp;<strong>connaissance approfondie du march\u00e9 am\u00e9ricain<\/strong>&nbsp;et une&nbsp;<strong>exp\u00e9rience en structuration d\u2019investissements<\/strong>. Gr\u00e2ce \u00e0 un&nbsp;<strong>r\u00e9seau local solide<\/strong>, nous identifions des opportunit\u00e9s exclusives et nous accompagnons nos clients dans toutes les d\u00e9marches, de l\u2019acquisition \u00e0 la gestion de leur bien.<\/p>\n\n\n\n<div style=\"height:60px\" aria-hidden=\"true\" class=\"wp-block-spacer\"><\/div>\n<\/div>\n\n\n\n<div class=\"wp-block-serano-gutenberg-container content-row dark-section normal\" data-bgcolor=\"#171717\" style=\"text-align:center\">\n<ul class=\"wp-block-serano-gutenberg-clients clients-table\" data-delay=\"0\">\n<li class=\"link\"><a target=\"_blank\" href=\"https:\/\/www.crcrealty.com\" rel=\"noopener\"><img decoding=\"async\" src=\"http:\/\/goldenage-properties.com\/wp-content\/uploads\/2025\/02\/Artboard.png\" alt=\"client image\" \/><\/a><\/li>\n\n\n\n<li class=\"link\"><a target=\"_blank\" href=\"https:\/\/www.greystar.com\" rel=\"noopener\"><img decoding=\"async\" src=\"http:\/\/goldenage-properties.com\/wp-content\/uploads\/2025\/02\/Artboard-Copy-14.png\" alt=\"client image\" \/><\/a><\/li>\n\n\n\n<li class=\"link\"><a target=\"_blank\" href=\"https:\/\/kushner.com\" rel=\"noopener\"><img decoding=\"async\" src=\"http:\/\/goldenage-properties.com\/wp-content\/uploads\/2025\/02\/Artboard-Copy-13.png\" alt=\"client image\" \/><\/a><\/li>\n\n\n\n<li class=\"link\"><a target=\"_blank\" href=\"http:\/\/Bozzuto.com\" rel=\"noopener\"><img decoding=\"async\" src=\"http:\/\/goldenage-properties.com\/wp-content\/uploads\/2025\/02\/Artboard-Copy-15.png\" alt=\"client image\" \/><\/a><\/li>\n<\/ul>\n\n\n\n<div style=\"height:10px\" aria-hidden=\"true\" class=\"wp-block-spacer\"><\/div>\n<\/div>\n\n\n\n<p><\/p>\n","protected":false},"excerpt":{"rendered":"","protected":false},"author":1,"featured_media":0,"parent":0,"menu_order":0,"comment_status":"closed","ping_status":"closed","template":"","meta":{"footnotes":""},"class_list":["post-2584","page","type-page","status-publish","hentry"],"_links":{"self":[{"href":"https:\/\/goldenage-properties.com\/index.php\/wp-json\/wp\/v2\/pages\/2584","targetHints":{"allow":["GET"]}}],"collection":[{"href":"https:\/\/goldenage-properties.com\/index.php\/wp-json\/wp\/v2\/pages"}],"about":[{"href":"https:\/\/goldenage-properties.com\/index.php\/wp-json\/wp\/v2\/types\/page"}],"author":[{"embeddable":true,"href":"https:\/\/goldenage-properties.com\/index.php\/wp-json\/wp\/v2\/users\/1"}],"replies":[{"embeddable":true,"href":"https:\/\/goldenage-properties.com\/index.php\/wp-json\/wp\/v2\/comments?post=2584"}],"version-history":[{"count":12,"href":"https:\/\/goldenage-properties.com\/index.php\/wp-json\/wp\/v2\/pages\/2584\/revisions"}],"predecessor-version":[{"id":3002,"href":"https:\/\/goldenage-properties.com\/index.php\/wp-json\/wp\/v2\/pages\/2584\/revisions\/3002"}],"wp:attachment":[{"href":"https:\/\/goldenage-properties.com\/index.php\/wp-json\/wp\/v2\/media?parent=2584"}],"curies":[{"name":"wp","href":"https:\/\/api.w.org\/{rel}","templated":true}]}}